{"id":130,"date":"2018-01-14T10:01:34","date_gmt":"2018-01-14T10:01:34","guid":{"rendered":"http:\/\/utw-grodzisk.pl\/?page_id=130"},"modified":"2018-01-14T10:15:06","modified_gmt":"2018-01-14T10:15:06","slug":"chor-utw-fermata","status":"publish","type":"page","link":"http:\/\/utw-grodzisk.pl\/?page_id=130","title":{"rendered":"Ch\u00f3r UTW Fermata"},"content":{"rendered":"<p>Ch\u00f3r UTW Fermata powsta\u0142 wiosn\u0105 2008 roku.\u00a0Pierwszy raz na scenie wyst\u0105pi\u0142 2 pa\u017adziernika podczas\u00a0inauguracji roku akademickiego. Repertuar\u00a0wzbogaca\u0142 si\u0119 o kolejne pie\u015bni: \u201ePiosenk\u0119 zanie\u015bmy\u00a0spo\u0142em\u201d, \u201eOda do rado\u015bci\u201d, \u201eGaudeamus igitur\u201d,\u00a0\u201ePi\u0119kna nasza Polska ca\u0142a\u201d.<\/p>\n<p>Zespo\u0142em od samego\u00a0pocz\u0105tku dyryguje Alicja Podlewska-Paciorek, osoba\u00a0niezwykle ciep\u0142a, serdeczna i bardzo kreatywna, wykazuj\u0105ca\u00a0si\u0119 ponadto du\u017c\u0105 wra\u017cliwo\u015bci\u0105.<\/p>\n<p><img loading=\"lazy\" decoding=\"async\" class=\"size-medium wp-image-138 alignleft\" src=\"http:\/\/utw-grodzisk.pl\/wp-content\/uploads\/2018\/01\/IMG_9668-300x200.jpeg\" alt=\"\" width=\"300\" height=\"200\" srcset=\"http:\/\/utw-grodzisk.pl\/wp-content\/uploads\/2018\/01\/IMG_9668-300x200.jpeg 300w, http:\/\/utw-grodzisk.pl\/wp-content\/uploads\/2018\/01\/IMG_9668-768x512.jpeg 768w, http:\/\/utw-grodzisk.pl\/wp-content\/uploads\/2018\/01\/IMG_9668-1024x682.jpeg 1024w, http:\/\/utw-grodzisk.pl\/wp-content\/uploads\/2018\/01\/IMG_9668.jpeg 1280w\" sizes=\"auto, (max-width: 300px) 100vw, 300px\" \/><\/p>\n<p>Drugi wyst\u0119p Fermaty przyni\u00f3s\u0142 sukces w postaci\u00a0niemal potrojenia liczebno\u015bci ch\u00f3rzyst\u00f3w \u2013 o\u015bmioosobowy\u00a0zesp\u00f3\u0142 powi\u0119kszy\u0142 si\u0119 do dwudziestojednoosobowego\u00a0ch\u00f3ru. Zacz\u0119\u0142a si\u0119 intensywna\u00a0praca, by wzbogaci\u0107 repertuar w kontek\u015bcie\u00a0kolejnych rocznic i \u015bwi\u0105t.<\/p>\n<p>Przez nast\u0119pne lata\u00a0Fermata \u015bpiewa\u0142a z okazji \u015awi\u0105ta Wojska Polskiego,\u00a0kol\u0119dowa\u0142a na Bo\u017ce Narodzenie,\u00a0wzrusza\u0142a piosenkami\u00a0o mi\u0142o\u015bci na Walentynki,\u00a0podczas spotka\u0144\u00a0Wielkanocnych wita\u0142a\u00a0rado\u015bnie wiosn\u0119.<\/p>\n<p>Z okazji zako\u0144czenia\u00a0roku akademickiego\u00a0na UTW zapraszali\u015bmy\u00a0do wakacyjnego wypoczynku,\u00a0\u015bpiewaj\u0105c piosenki\u00a0opiewaj\u0105ce r\u00f3\u017cne\u00a0pi\u0119kne miejsca w Polsce\u00a0i za granic\u0105.\u00a0W scenerii \u201eWi\u015bniowego\u00a0sadu\u201d w \u201eMa\u0142ym\u00a0bia\u0142ym domku\u201d \u201ePrzy\u00a0kominku\u201d s\u0142uchali\u015bmy,\u00a0jak \u201eSerduszko puka w rytmie cha-cha\u201d. Z \u201eKo\u0142ysank\u0105\u00a0murzy\u0144sk\u0105\u201d na ustach przeprawiali\u015bmy si\u0119 przez rzek\u0119\u00a0\u201eMissisipi\u201d, a zach\u0119ceni t\u0105 podr\u00f3\u017c\u0105 przygl\u0105dali\u015bmy\u00a0si\u0119, jak p\u0142ynie \u201eWilia naszych strumieni rodzica\u201d, by\u00a0wreszcie z brzegu \u201eSekwany zakochanej\u201d przespacerowa\u0107\u00a0si\u0119 \u201ePod niebem Pary\u017ca\u201d i spotka\u0107 \u201eParyskiego\u00a0Gavroche\u2019a\u201d. Wtedy zrozumieli\u015bmy, \u017ce \u201eUp\u0142ywa szybko \u017cycie\u201d, a \u201eEch, Ma\u0142a\u201d przywo\u0142a\u0142a nam posta\u0107 mi\u0142ej\u00a0i ciep\u0142ej staruszki, kt\u00f3rej \u017cycie up\u0142yn\u0119\u0142o nad konfitur\u0105\u00a0i rob\u00f3tk\u0105. To nie nasz wyb\u00f3r!<\/p>\n<p>Fermata w muzyce oznacza zatrzymanie. My pragniemy\u00a0nie tylko zatrzyma\u0107 uciekaj\u0105cy czas, lecz tak\u017ce\u00a0cieszy\u0107 si\u0119 ka\u017cd\u0105 chwil\u0105. Dlatego tak nas cieszy, gdy\u00a0naszym \u015bpiewem sprawiamy innym rado\u015b\u0107. By\u0142o du\u017co\u00a0takich okazji \u2013 ch\u00f3r by\u0142 zapraszany z okazji r\u00f3\u017cnych\u00a0\u015bwi\u0105t i rocznic do Izdebna, Pruszkowa, B\u0142onia, Kukl\u00f3wki\u00a0oraz grodziskiego Szpitala Zachodniego i Milan\u00f3wka.<\/p>\n<p>Zesp\u00f3\u0142 bra\u0142 udzia\u0142 w Przegl\u0105dach Zespo\u0142\u00f3w Seniora.\u00a0W 2009 roku we W\u0142ochach w Konkursie \u201eTeraz My\u201d\u00a0ch\u00f3r zaj\u0105\u0142 II miejsce i zdoby\u0142 puchar. W og\u00f3lnopolskim\u00a0konkursie \u201eWilkowyjskie \u015bpiewanie\u201d\u00a0Fermata piosenk\u0105 \u201eWilkowyjskie ranczo\u201d ze s\u0142owami\u00a0i aran\u017cacj\u0105 Alicji Paciorek wy\u015bpiewa\u0142a wyr\u00f3\u017cnienie i nagrod\u0119\u00a0(p\u0142yt\u0119 z filmem \u201eRanczo\u201d oraz zaproszenie na\u00a0plan filmowy podczas nagrywania odcinkowego serialu\u00a0\u201eRancza\u201d). Ostatnio Ch\u00f3r wyst\u0119powa\u0142 podczas przegl\u0105du piosenki w Nowym Dworze Mazowieckim (2017).<\/p>\n<p>W Ch\u00f3rze UTW Fermata \u00a0jest obecnie blisko \u00a030 os\u00f3b. Akompaniuje Maciej Kloci\u0144ski<\/p>\n<p style=\"text-align: right;\">Gra\u017cyna Kwa\u015bniewska<\/p>\n","protected":false},"excerpt":{"rendered":"<p>Ch\u00f3r UTW Fermata powsta\u0142 wiosn\u0105 2008 roku.\u00a0Pierwszy raz na scenie wyst\u0105pi\u0142 2 pa\u017adziernika podczas\u00a0inauguracji roku akademickiego. Repertuar\u00a0wzbogaca\u0142 si\u0119 o kolejne pie\u015bni: \u201ePiosenk\u0119 zanie\u015bmy\u00a0spo\u0142em\u201d, \u201eOda do rado\u015bci\u201d, \u201eGaudeamus igitur\u201d,\u00a0\u201ePi\u0119kna nasza Polska ca\u0142a\u201d. Zespo\u0142em od samego\u00a0pocz\u0105tku dyryguje Alicja Podlewska-Paciorek, osoba\u00a0niezwykle ciep\u0142a, serdeczna i bardzo kreatywna, wykazuj\u0105ca\u00a0si\u0119 ponadto du\u017c\u0105 wra\u017cliwo\u015bci\u0105. Drugi wyst\u0119p Fermaty przyni\u00f3s\u0142 sukces w postaci\u00a0niemal potrojenia [&hellip;]<\/p>\n","protected":false},"author":1,"featured_media":132,"parent":0,"menu_order":0,"comment_status":"closed","ping_status":"closed","template":"","meta":{"footnotes":""},"class_list":["post-130","page","type-page","status-publish","has-post-thumbnail","hentry"],"_links":{"self":[{"href":"http:\/\/utw-grodzisk.pl\/index.php?rest_route=\/wp\/v2\/pages\/130","targetHints":{"allow":["GET"]}}],"collection":[{"href":"http:\/\/utw-grodzisk.pl\/index.php?rest_route=\/wp\/v2\/pages"}],"about":[{"href":"http:\/\/utw-grodzisk.pl\/index.php?rest_route=\/wp\/v2\/types\/page"}],"author":[{"embeddable":true,"href":"http:\/\/utw-grodzisk.pl\/index.php?rest_route=\/wp\/v2\/users\/1"}],"replies":[{"embeddable":true,"href":"http:\/\/utw-grodzisk.pl\/index.php?rest_route=%2Fwp%2Fv2%2Fcomments&post=130"}],"version-history":[{"count":3,"href":"http:\/\/utw-grodzisk.pl\/index.php?rest_route=\/wp\/v2\/pages\/130\/revisions"}],"predecessor-version":[{"id":140,"href":"http:\/\/utw-grodzisk.pl\/index.php?rest_route=\/wp\/v2\/pages\/130\/revisions\/140"}],"wp:featuredmedia":[{"embeddable":true,"href":"http:\/\/utw-grodzisk.pl\/index.php?rest_route=\/wp\/v2\/media\/132"}],"wp:attachment":[{"href":"http:\/\/utw-grodzisk.pl\/index.php?rest_route=%2Fwp%2Fv2%2Fmedia&parent=130"}],"curies":[{"name":"wp","href":"https:\/\/api.w.org\/{rel}","templated":true}]}}