{"id":389,"date":"2020-10-04T19:20:36","date_gmt":"2020-10-04T19:20:36","guid":{"rendered":"http:\/\/utw-grodzisk.pl\/?page_id=389"},"modified":"2020-10-04T19:22:41","modified_gmt":"2020-10-04T19:22:41","slug":"pro-masovia","status":"publish","type":"page","link":"http:\/\/utw-grodzisk.pl\/?page_id=389","title":{"rendered":"Pro Masovia"},"content":{"rendered":"\n<p>Medal Pami\u0105tkowy Pro Masovia zosta\u0142 ustanowiony w 2006 roku przez Sejmik Wojew\u00f3dztwa Mazowieckiego. Jest to honorowe okoliczno\u015bciowe wyr\u00f3\u017cnienie przyznawane przez Marsza\u0142ka Wojew\u00f3dztwa Mazowieckiego osobom fizycznym, jednostkom samorz\u0105du terytorialnego, organizacjom pozarz\u0105dowym, instytucjom pa\u0144stwowym oraz innym osobom prawnym i jednostkom organizacyjnym jako wyraz uznania dla ich dokona\u0144 na rzecz gospodarczego, kulturalnego lub spo\u0142ecznego rozwoju Mazowsza. <\/p>\n\n\n\n<p>Doceniaj\u0105c zas\u0142ugi Uniwersytetu Trzeciego Wieku w Grodzisku Mazowieckim i jego 10-letniej dzia\u0142alno\u015bci na rzecz aktywizacji os\u00f3b starszych poprzez umo\u017cliwienie im realizacji pasji, rozwijania zainteresowa\u0144, pog\u0142\u0119biania wiedzy, jak r\u00f3wnie\u017c nawi\u0105zywania kontakt\u00f3w i aktywnego uczestnictwa w \u017cyciu spo\u0142ecznym, <strong>Marsza\u0142ek Wojew\u00f3dztwa Mazowieckiego zdecydowa\u0142 o przyznaniu grodziskiej uczelni Medalu Pro Masovia.<\/strong><\/p>\n\n\n\n<figure class=\"wp-block-image size-large\"><img loading=\"lazy\" decoding=\"async\" width=\"750\" height=\"500\" src=\"http:\/\/utw-grodzisk.pl\/wp-content\/uploads\/2020\/10\/promasovia.jpg\" alt=\"\" class=\"wp-image-387\" srcset=\"http:\/\/utw-grodzisk.pl\/wp-content\/uploads\/2020\/10\/promasovia.jpg 750w, http:\/\/utw-grodzisk.pl\/wp-content\/uploads\/2020\/10\/promasovia-300x200.jpg 300w\" sizes=\"auto, (max-width: 750px) 100vw, 750px\" \/><\/figure>\n","protected":false},"excerpt":{"rendered":"<p>Medal Pami\u0105tkowy Pro Masovia zosta\u0142 ustanowiony w 2006 roku przez Sejmik Wojew\u00f3dztwa Mazowieckiego. Jest to honorowe okoliczno\u015bciowe wyr\u00f3\u017cnienie przyznawane przez Marsza\u0142ka Wojew\u00f3dztwa Mazowieckiego osobom fizycznym, jednostkom samorz\u0105du terytorialnego, organizacjom pozarz\u0105dowym, instytucjom pa\u0144stwowym oraz innym osobom prawnym i jednostkom organizacyjnym jako wyraz uznania dla ich dokona\u0144 na rzecz gospodarczego, kulturalnego lub spo\u0142ecznego rozwoju Mazowsza. Doceniaj\u0105c zas\u0142ugi [&hellip;]<\/p>\n","protected":false},"author":1,"featured_media":387,"parent":0,"menu_order":0,"comment_status":"closed","ping_status":"closed","template":"","meta":{"footnotes":""},"class_list":["post-389","page","type-page","status-publish","has-post-thumbnail","hentry"],"_links":{"self":[{"href":"http:\/\/utw-grodzisk.pl\/index.php?rest_route=\/wp\/v2\/pages\/389","targetHints":{"allow":["GET"]}}],"collection":[{"href":"http:\/\/utw-grodzisk.pl\/index.php?rest_route=\/wp\/v2\/pages"}],"about":[{"href":"http:\/\/utw-grodzisk.pl\/index.php?rest_route=\/wp\/v2\/types\/page"}],"author":[{"embeddable":true,"href":"http:\/\/utw-grodzisk.pl\/index.php?rest_route=\/wp\/v2\/users\/1"}],"replies":[{"embeddable":true,"href":"http:\/\/utw-grodzisk.pl\/index.php?rest_route=%2Fwp%2Fv2%2Fcomments&post=389"}],"version-history":[{"count":2,"href":"http:\/\/utw-grodzisk.pl\/index.php?rest_route=\/wp\/v2\/pages\/389\/revisions"}],"predecessor-version":[{"id":391,"href":"http:\/\/utw-grodzisk.pl\/index.php?rest_route=\/wp\/v2\/pages\/389\/revisions\/391"}],"wp:featuredmedia":[{"embeddable":true,"href":"http:\/\/utw-grodzisk.pl\/index.php?rest_route=\/wp\/v2\/media\/387"}],"wp:attachment":[{"href":"http:\/\/utw-grodzisk.pl\/index.php?rest_route=%2Fwp%2Fv2%2Fmedia&parent=389"}],"curies":[{"name":"wp","href":"https:\/\/api.w.org\/{rel}","templated":true}]}}